{"id":145,"date":"2015-03-18T12:18:40","date_gmt":"2015-03-18T12:18:40","guid":{"rendered":"http:\/\/www.ceeiextremadura.com\/?page_id=145"},"modified":"2015-12-02T16:33:49","modified_gmt":"2015-12-02T16:33:49","slug":"servicios","status":"publish","type":"page","link":"https:\/\/www.ceeiextremadura.com\/?page_id=145","title":{"rendered":"SERVICIOS"},"content":{"rendered":"<p style=\"text-align: justify;\">CEEI Extremadura ofrece servicios orientados a potenciar la creaci\u00f3n de empresas innovadoras y desarrollar la innovaci\u00f3n en las empresas existentes durante todas las etapas de su ciclo de vida, a trav\u00e9s de un completo proceso de incubaci\u00f3n y una amplia gama de servicios especializados en la PYME, todo ello con el objetivo \u00faltimo de contribuir al desarrollo econ\u00f3mico, la competitividad y el crecimiento de la regi\u00f3n.<\/p>\n<h2><span style=\"color: #b6bd00;\">EMPRESAS<\/span><\/h2>\n<p style=\"padding-left: 30px;\"><strong>Fomento y apoyo de la innovaci\u00f3n<\/strong> y de estrategias de diversificaci\u00f3n de las empresas como factores clave para competir con \u00e9xito.<br \/>\n<strong>Asesoramiento especializado<\/strong> en la toma de decisiones, tanto operativas como estrat\u00e9gicas.<br \/>\n<strong>Acceso fuentes de informaci\u00f3n<\/strong> \u00fatiles para el desarrollo potencial de sus proyectos empresariales innovadores y con potencial de crecimiento.<br \/>\n<strong>Potenciaci\u00f3n de la notoriedad de las empresas<\/strong> apoyadas por el CEEI a trav\u00e9s de su inclusi\u00f3n en diferentes publicaciones y elementos de comunicaci\u00f3n elaborados, o en los que colaboran los CEEI.<br \/>\n<strong>Informar y asesorar a las empresas sobre los recursos financieros<\/strong>, tanto p\u00fablicos como privados, existentes en el mercado.<br \/>\n<strong>Formaci\u00f3n especializada<\/strong> mediante cursos de formaci\u00f3n presenciales, mixtos y online, que permitan mejorar las capacidades y habilidades de las empresas.<br \/>\n<strong>Soporte a actividades de cooperaci\u00f3n entre empresas<\/strong> apoyadas por los CEEI y de \u00e9stas con otras empresas.<br \/>\n<strong>Asistencia t\u00e9cnica en la participaci\u00f3n en proyectos<\/strong> competitivos de \u00e1mbito regional, nacional y europeo.<br \/>\n<strong>Alojamiento empresarial<\/strong> en espacios espec\u00edficamente dise\u00f1ados para empresas innovadoras basadas en el conocimiento, en diferentes emplazamientos y con diferentes formatos y tama\u00f1os.<br \/>\n<strong>Apoyo en la apertura de nuevos mercados y cooperaciones internacionales<\/strong>. Los CEEI ayudan al emprendedor a trav\u00e9s de proyectos y redes de contactos a iniciar actividades internacionales.<\/p>\n<h2><span style=\"color: #b6bd00;\">EMPRENDEDORES<\/span><\/h2>\n<p style=\"padding-left: 30px;\"><strong>Motivaci\u00f3n a emprendedores<\/strong>, no s\u00f3lo a emprender y a innovar, sino a descubrir tendencias, a colaborar con otros y a compartir conocimientos mediante el uso de metodolog\u00edas innovadoras en jornadas, talleres y eventos.<br \/>\n<strong>Identificaci\u00f3n de\u00a0tendencias de mercado y oportunidades de negocio<\/strong>\u00a0que permitan al emprendedor desarrollar sus iniciativas empresariales.<br \/>\n<strong>Asesoramiento e informaci\u00f3n empresarial<\/strong>\u00a0sobre mercados, tecnolog\u00eda, innovaci\u00f3n, financiaci\u00f3n, tr\u00e1mites legales, etc.<br \/>\n<strong>Dise\u00f1o de Modelos de Negocio y an\u00e1lisis de viabilidad<\/strong>\u00a0para identificar las necesidades y posibilidades de un proyecto.<br \/>\n<strong>Formaci\u00f3n\u00a0destinada a los emprendedores<\/strong>, a trav\u00e9s de cursos presenciales y on-line, para que adquieran conocimientos y habilidades espec\u00edficos para la gesti\u00f3n de proyectos innovadores con potencial de crecimiento.<br \/>\n<strong>Acompa\u00f1amiento en la creaci\u00f3n y desarrollo de proyectos innovadores<\/strong>, contribuyendo as\u00ed a la gesti\u00f3n del alto riesgo inherente a este tipo de proyectos, de modo que aumenten sus posibilidades de \u00e9xito.<br \/>\n<strong>Infraestructuras y alojamiento<\/strong>. Los CEEI cuentan con locales de servicios e industriales para la ubicaci\u00f3n de empresas innovadoras de nueva creaci\u00f3n, con una permanencia m\u00e1xima de 3 a\u00f1os. Adem\u00e1s, las empresas instaladas en los CEEI disponen de una serie de servicios complementarios.<br \/>\n<strong>Desarrollo empresarial.<\/strong> Uno de los objetivos de los CEEI es conseguir la consolidaci\u00f3n de las empresas creadas con su apoyo y propiciar un entorno adecuado que permita a las empresas desarrollarse y ser m\u00e1s competitivas.<\/p>\n","protected":false},"excerpt":{"rendered":"<p>CEEI Extremadura ofrece servicios orientados a potenciar la creaci\u00f3n de empresas innovadoras y desarrollar la innovaci\u00f3n en las empresas existentes durante todas las etapas de su ciclo de vida, a trav\u00e9s de un completo proceso de incubaci\u00f3n y una amplia gama de servicios especializados en la PYME, todo ello con el objetivo \u00faltimo de contribuir [&hellip;]<\/p>\n","protected":false},"author":4,"featured_media":0,"parent":0,"menu_order":0,"comment_status":"closed","ping_status":"open","template":"","meta":{"_et_pb_use_builder":"","_et_pb_old_content":"","_et_gb_content_width":"","footnotes":""},"class_list":["post-145","page","type-page","status-publish","hentry"],"_links":{"self":[{"href":"https:\/\/www.ceeiextremadura.com\/index.php?rest_route=\/wp\/v2\/pages\/145","targetHints":{"allow":["GET"]}}],"collection":[{"href":"https:\/\/www.ceeiextremadura.com\/index.php?rest_route=\/wp\/v2\/pages"}],"about":[{"href":"https:\/\/www.ceeiextremadura.com\/index.php?rest_route=\/wp\/v2\/types\/page"}],"author":[{"embeddable":true,"href":"https:\/\/www.ceeiextremadura.com\/index.php?rest_route=\/wp\/v2\/users\/4"}],"replies":[{"embeddable":true,"href":"https:\/\/www.ceeiextremadura.com\/index.php?rest_route=%2Fwp%2Fv2%2Fcomments&post=145"}],"version-history":[{"count":8,"href":"https:\/\/www.ceeiextremadura.com\/index.php?rest_route=\/wp\/v2\/pages\/145\/revisions"}],"predecessor-version":[{"id":315,"href":"https:\/\/www.ceeiextremadura.com\/index.php?rest_route=\/wp\/v2\/pages\/145\/revisions\/315"}],"wp:attachment":[{"href":"https:\/\/www.ceeiextremadura.com\/index.php?rest_route=%2Fwp%2Fv2%2Fmedia&parent=145"}],"curies":[{"name":"wp","href":"https:\/\/api.w.org\/{rel}","templated":true}]}}